{"id":125,"date":"2018-03-01T10:47:18","date_gmt":"2018-03-01T09:47:27","guid":{"rendered":"http:\/\/webby\/bioswing18\/leistungsfaehigkeit\/"},"modified":"2019-05-13T14:04:07","modified_gmt":"2019-05-13T12:04:07","slug":"leistungsfaehigkeit","status":"publish","type":"page","link":"https:\/\/bioswing.de\/en\/sitzsysteme\/die-vision\/leistungsfaehigkeit\/","title":{"rendered":"Performance"},"content":{"rendered":"","protected":false},"excerpt":{"rendered":"","protected":false},"author":2,"featured_media":0,"parent":123,"menu_order":1,"comment_status":"closed","ping_status":"closed","template":"template-faszination.php","meta":[],"acf":[],"yoast_head":"<!-- This site is optimized with the Yoast SEO plugin v21.8.1 - https:\/\/yoast.com\/wordpress\/plugins\/seo\/ -->\n<title>Mehr Leistungsf\u00e4higkeit durch intelligente Sitzsysteme: B\u00fcrost\u00fchle von BIOSWING<\/title>\n<meta name=\"description\" content=\"F\u00fcr echte Multi-Performer: Stimulieren Sie Ihre Leistungsf\u00e4higkeit im Sitzen: mit einer hochmodernen Sitztechnologie, die direkt im Gehirn wirkt\" \/>\n<meta name=\"robots\" content=\"index, follow, max-snippet:-1, max-image-preview:large, max-video-preview:-1\" \/>\n<link rel=\"canonical\" href=\"https:\/\/bioswing.de\/en\/sitzsysteme\/die-vision\/leistungsfaehigkeit\/\" \/>\n<meta property=\"og:locale\" content=\"en_GB\" \/>\n<meta property=\"og:type\" content=\"article\" \/>\n<meta property=\"og:title\" content=\"Mehr Leistungsf\u00e4higkeit durch intelligente Sitzsysteme: B\u00fcrost\u00fchle von BIOSWING\" \/>\n<meta property=\"og:description\" content=\"F\u00fcr echte Multi-Performer: Stimulieren Sie Ihre Leistungsf\u00e4higkeit im Sitzen: mit einer hochmodernen Sitztechnologie, die direkt im Gehirn wirkt\" \/>\n<meta property=\"og:url\" content=\"https:\/\/bioswing.de\/en\/sitzsysteme\/die-vision\/leistungsfaehigkeit\/\" \/>\n<meta property=\"og:site_name\" content=\"Haider Bioswing EN\" \/>\n<meta property=\"article:modified_time\" content=\"2019-05-13T12:04:07+00:00\" \/>\n<meta name=\"twitter:card\" content=\"summary_large_image\" \/>\n<script type=\"application\/ld+json\" class=\"yoast-schema-graph\">{\"@context\":\"https:\/\/schema.org\",\"@graph\":[{\"@type\":\"WebPage\",\"@id\":\"https:\/\/bioswing.de\/en\/sitzsysteme\/die-vision\/leistungsfaehigkeit\/\",\"url\":\"https:\/\/bioswing.de\/en\/sitzsysteme\/die-vision\/leistungsfaehigkeit\/\",\"name\":\"Mehr Leistungsf\u00e4higkeit durch intelligente Sitzsysteme: B\u00fcrost\u00fchle von BIOSWING\",\"isPartOf\":{\"@id\":\"https:\/\/bioswing.de\/en\/#website\"},\"datePublished\":\"2018-03-01T09:47:27+00:00\",\"dateModified\":\"2019-05-13T12:04:07+00:00\",\"description\":\"F\u00fcr echte Multi-Performer: Stimulieren Sie Ihre Leistungsf\u00e4higkeit im Sitzen: mit einer hochmodernen Sitztechnologie, die direkt im Gehirn wirkt\",\"breadcrumb\":{\"@id\":\"https:\/\/bioswing.de\/en\/sitzsysteme\/die-vision\/leistungsfaehigkeit\/#breadcrumb\"},\"inLanguage\":\"en-GB\",\"potentialAction\":[{\"@type\":\"ReadAction\",\"target\":[\"https:\/\/bioswing.de\/en\/sitzsysteme\/die-vision\/leistungsfaehigkeit\/\"]}]},{\"@type\":\"BreadcrumbList\",\"@id\":\"https:\/\/bioswing.de\/en\/sitzsysteme\/die-vision\/leistungsfaehigkeit\/#breadcrumb\",\"itemListElement\":[{\"@type\":\"ListItem\",\"position\":1,\"name\":\"Startseite\",\"item\":\"https:\/\/bioswing.de\/en\/\"},{\"@type\":\"ListItem\",\"position\":2,\"name\":\"Seating systems\",\"item\":\"https:\/\/bioswing.de\/en\/\"},{\"@type\":\"ListItem\",\"position\":3,\"name\":\"Why Bioswing\",\"item\":\"https:\/\/bioswing.de\/en\/sitzsysteme\/die-vision\/\"},{\"@type\":\"ListItem\",\"position\":4,\"name\":\"Performance\"}]},{\"@type\":\"WebSite\",\"@id\":\"https:\/\/bioswing.de\/en\/#website\",\"url\":\"https:\/\/bioswing.de\/en\/\",\"name\":\"Haider Bioswing EN\",\"description\":\"Ergonomische B\u00fcrost\u00fchle, Therapiesystem Posturomed und mehr\",\"potentialAction\":[{\"@type\":\"SearchAction\",\"target\":{\"@type\":\"EntryPoint\",\"urlTemplate\":\"https:\/\/bioswing.de\/en\/?s={search_term_string}\"},\"query-input\":\"required name=search_term_string\"}],\"inLanguage\":\"en-GB\"}]}<\/script>\n<!-- \/ Yoast SEO plugin. -->","yoast_head_json":{"title":"Mehr Leistungsf\u00e4higkeit durch intelligente Sitzsysteme: B\u00fcrost\u00fchle von BIOSWING","description":"F\u00fcr echte Multi-Performer: Stimulieren Sie Ihre Leistungsf\u00e4higkeit im Sitzen: mit einer hochmodernen Sitztechnologie, die direkt im Gehirn wirkt","robots":{"index":"index","follow":"follow","max-snippet":"max-snippet:-1","max-image-preview":"max-image-preview:large","max-video-preview":"max-video-preview:-1"},"canonical":"https:\/\/bioswing.de\/en\/sitzsysteme\/die-vision\/leistungsfaehigkeit\/","og_locale":"en_GB","og_type":"article","og_title":"Mehr Leistungsf\u00e4higkeit durch intelligente Sitzsysteme: B\u00fcrost\u00fchle von BIOSWING","og_description":"F\u00fcr echte Multi-Performer: Stimulieren Sie Ihre Leistungsf\u00e4higkeit im Sitzen: mit einer hochmodernen Sitztechnologie, die direkt im Gehirn wirkt","og_url":"https:\/\/bioswing.de\/en\/sitzsysteme\/die-vision\/leistungsfaehigkeit\/","og_site_name":"Haider Bioswing EN","article_modified_time":"2019-05-13T12:04:07+00:00","twitter_card":"summary_large_image","schema":{"@context":"https:\/\/schema.org","@graph":[{"@type":"WebPage","@id":"https:\/\/bioswing.de\/en\/sitzsysteme\/die-vision\/leistungsfaehigkeit\/","url":"https:\/\/bioswing.de\/en\/sitzsysteme\/die-vision\/leistungsfaehigkeit\/","name":"Mehr Leistungsf\u00e4higkeit durch intelligente Sitzsysteme: B\u00fcrost\u00fchle von BIOSWING","isPartOf":{"@id":"https:\/\/bioswing.de\/en\/#website"},"datePublished":"2018-03-01T09:47:27+00:00","dateModified":"2019-05-13T12:04:07+00:00","description":"F\u00fcr echte Multi-Performer: Stimulieren Sie Ihre Leistungsf\u00e4higkeit im Sitzen: mit einer hochmodernen Sitztechnologie, die direkt im Gehirn wirkt","breadcrumb":{"@id":"https:\/\/bioswing.de\/en\/sitzsysteme\/die-vision\/leistungsfaehigkeit\/#breadcrumb"},"inLanguage":"en-GB","potentialAction":[{"@type":"ReadAction","target":["https:\/\/bioswing.de\/en\/sitzsysteme\/die-vision\/leistungsfaehigkeit\/"]}]},{"@type":"BreadcrumbList","@id":"https:\/\/bioswing.de\/en\/sitzsysteme\/die-vision\/leistungsfaehigkeit\/#breadcrumb","itemListElement":[{"@type":"ListItem","position":1,"name":"Startseite","item":"https:\/\/bioswing.de\/en\/"},{"@type":"ListItem","position":2,"name":"Seating systems","item":"https:\/\/bioswing.de\/en\/"},{"@type":"ListItem","position":3,"name":"Why Bioswing","item":"https:\/\/bioswing.de\/en\/sitzsysteme\/die-vision\/"},{"@type":"ListItem","position":4,"name":"Performance"}]},{"@type":"WebSite","@id":"https:\/\/bioswing.de\/en\/#website","url":"https:\/\/bioswing.de\/en\/","name":"Haider Bioswing EN","description":"Ergonomische B\u00fcrost\u00fchle, Therapiesystem Posturomed und mehr","potentialAction":[{"@type":"SearchAction","target":{"@type":"EntryPoint","urlTemplate":"https:\/\/bioswing.de\/en\/?s={search_term_string}"},"query-input":"required name=search_term_string"}],"inLanguage":"en-GB"}]}},"_links":{"self":[{"href":"https:\/\/bioswing.de\/en\/wp-json\/wp\/v2\/pages\/125"}],"collection":[{"href":"https:\/\/bioswing.de\/en\/wp-json\/wp\/v2\/pages"}],"about":[{"href":"https:\/\/bioswing.de\/en\/wp-json\/wp\/v2\/types\/page"}],"author":[{"embeddable":true,"href":"https:\/\/bioswing.de\/en\/wp-json\/wp\/v2\/users\/2"}],"replies":[{"embeddable":true,"href":"https:\/\/bioswing.de\/en\/wp-json\/wp\/v2\/comments?post=125"}],"version-history":[{"count":11,"href":"https:\/\/bioswing.de\/en\/wp-json\/wp\/v2\/pages\/125\/revisions"}],"predecessor-version":[{"id":6822,"href":"https:\/\/bioswing.de\/en\/wp-json\/wp\/v2\/pages\/125\/revisions\/6822"}],"up":[{"embeddable":true,"href":"https:\/\/bioswing.de\/en\/wp-json\/wp\/v2\/pages\/123"}],"wp:attachment":[{"href":"https:\/\/bioswing.de\/en\/wp-json\/wp\/v2\/media?parent=125"}],"curies":[{"name":"wp","href":"https:\/\/api.w.org\/{rel}","templated":true}]}}