{"id":2839,"date":"2018-09-12T09:12:47","date_gmt":"2018-09-12T07:12:47","guid":{"rendered":"http:\/\/haider-bioswing.de\/?page_id=2839"},"modified":"2019-05-13T13:50:37","modified_gmt":"2019-05-13T11:50:37","slug":"ergonomische-hocker-speedmeeting","status":"publish","type":"page","link":"https:\/\/bioswing.de\/en\/sitzsysteme\/ergonomische-loesungen\/ergonomische-hocker-speedmeeting\/","title":{"rendered":"Ideas for speed meetings"},"content":{"rendered":"","protected":false},"excerpt":{"rendered":"","protected":false},"author":4,"featured_media":0,"parent":107,"menu_order":4,"comment_status":"closed","ping_status":"closed","template":"template-loesungswelt.php","meta":[],"acf":[],"yoast_head":"<!-- This site is optimized with the Yoast SEO plugin v21.8.1 - https:\/\/yoast.com\/wordpress\/plugins\/seo\/ -->\n<title>Sitzl\u00f6sungen f\u00fcr Speedmeetings<\/title>\n<meta name=\"description\" content=\"Ergonomische Hocker f\u00fcr besondere Anforderungen wie Speed-Meetings, spontane Teambesprechungen und kreative Brainstormings.\" \/>\n<meta name=\"robots\" content=\"index, follow, max-snippet:-1, max-image-preview:large, max-video-preview:-1\" \/>\n<link rel=\"canonical\" href=\"https:\/\/bioswing.de\/en\/sitzsysteme\/ergonomische-loesungen\/ergonomische-hocker-speedmeeting\/\" \/>\n<meta property=\"og:locale\" content=\"en_GB\" \/>\n<meta property=\"og:type\" content=\"article\" \/>\n<meta property=\"og:title\" content=\"Sitzl\u00f6sungen f\u00fcr Speedmeetings\" \/>\n<meta property=\"og:description\" content=\"Ergonomische Hocker f\u00fcr besondere Anforderungen wie Speed-Meetings, spontane Teambesprechungen und kreative Brainstormings.\" \/>\n<meta property=\"og:url\" content=\"https:\/\/bioswing.de\/en\/sitzsysteme\/ergonomische-loesungen\/ergonomische-hocker-speedmeeting\/\" \/>\n<meta property=\"og:site_name\" content=\"Haider Bioswing EN\" \/>\n<meta property=\"article:modified_time\" content=\"2019-05-13T11:50:37+00:00\" \/>\n<meta name=\"twitter:card\" content=\"summary_large_image\" \/>\n<script type=\"application\/ld+json\" class=\"yoast-schema-graph\">{\"@context\":\"https:\/\/schema.org\",\"@graph\":[{\"@type\":\"WebPage\",\"@id\":\"https:\/\/bioswing.de\/en\/sitzsysteme\/ergonomische-loesungen\/ergonomische-hocker-speedmeeting\/\",\"url\":\"https:\/\/bioswing.de\/en\/sitzsysteme\/ergonomische-loesungen\/ergonomische-hocker-speedmeeting\/\",\"name\":\"Sitzl\u00f6sungen f\u00fcr Speedmeetings\",\"isPartOf\":{\"@id\":\"https:\/\/bioswing.de\/en\/#website\"},\"datePublished\":\"2018-09-12T07:12:47+00:00\",\"dateModified\":\"2019-05-13T11:50:37+00:00\",\"description\":\"Ergonomische Hocker f\u00fcr besondere Anforderungen wie Speed-Meetings, spontane Teambesprechungen und kreative Brainstormings.\",\"breadcrumb\":{\"@id\":\"https:\/\/bioswing.de\/en\/sitzsysteme\/ergonomische-loesungen\/ergonomische-hocker-speedmeeting\/#breadcrumb\"},\"inLanguage\":\"en-GB\",\"potentialAction\":[{\"@type\":\"ReadAction\",\"target\":[\"https:\/\/bioswing.de\/en\/sitzsysteme\/ergonomische-loesungen\/ergonomische-hocker-speedmeeting\/\"]}]},{\"@type\":\"BreadcrumbList\",\"@id\":\"https:\/\/bioswing.de\/en\/sitzsysteme\/ergonomische-loesungen\/ergonomische-hocker-speedmeeting\/#breadcrumb\",\"itemListElement\":[{\"@type\":\"ListItem\",\"position\":1,\"name\":\"Startseite\",\"item\":\"https:\/\/bioswing.de\/en\/\"},{\"@type\":\"ListItem\",\"position\":2,\"name\":\"Seating systems\",\"item\":\"https:\/\/bioswing.de\/en\/\"},{\"@type\":\"ListItem\",\"position\":3,\"name\":\"Ergonomic solutions\",\"item\":\"https:\/\/bioswing.de\/en\/sitzsysteme\/ergonomische-loesungen\/\"},{\"@type\":\"ListItem\",\"position\":4,\"name\":\"Ideas for speed meetings\"}]},{\"@type\":\"WebSite\",\"@id\":\"https:\/\/bioswing.de\/en\/#website\",\"url\":\"https:\/\/bioswing.de\/en\/\",\"name\":\"Haider Bioswing EN\",\"description\":\"Ergonomische B\u00fcrost\u00fchle, Therapiesystem Posturomed und mehr\",\"potentialAction\":[{\"@type\":\"SearchAction\",\"target\":{\"@type\":\"EntryPoint\",\"urlTemplate\":\"https:\/\/bioswing.de\/en\/?s={search_term_string}\"},\"query-input\":\"required name=search_term_string\"}],\"inLanguage\":\"en-GB\"}]}<\/script>\n<!-- \/ Yoast SEO plugin. -->","yoast_head_json":{"title":"Sitzl\u00f6sungen f\u00fcr Speedmeetings","description":"Ergonomische Hocker f\u00fcr besondere Anforderungen wie Speed-Meetings, spontane Teambesprechungen und kreative Brainstormings.","robots":{"index":"index","follow":"follow","max-snippet":"max-snippet:-1","max-image-preview":"max-image-preview:large","max-video-preview":"max-video-preview:-1"},"canonical":"https:\/\/bioswing.de\/en\/sitzsysteme\/ergonomische-loesungen\/ergonomische-hocker-speedmeeting\/","og_locale":"en_GB","og_type":"article","og_title":"Sitzl\u00f6sungen f\u00fcr Speedmeetings","og_description":"Ergonomische Hocker f\u00fcr besondere Anforderungen wie Speed-Meetings, spontane Teambesprechungen und kreative Brainstormings.","og_url":"https:\/\/bioswing.de\/en\/sitzsysteme\/ergonomische-loesungen\/ergonomische-hocker-speedmeeting\/","og_site_name":"Haider Bioswing EN","article_modified_time":"2019-05-13T11:50:37+00:00","twitter_card":"summary_large_image","schema":{"@context":"https:\/\/schema.org","@graph":[{"@type":"WebPage","@id":"https:\/\/bioswing.de\/en\/sitzsysteme\/ergonomische-loesungen\/ergonomische-hocker-speedmeeting\/","url":"https:\/\/bioswing.de\/en\/sitzsysteme\/ergonomische-loesungen\/ergonomische-hocker-speedmeeting\/","name":"Sitzl\u00f6sungen f\u00fcr Speedmeetings","isPartOf":{"@id":"https:\/\/bioswing.de\/en\/#website"},"datePublished":"2018-09-12T07:12:47+00:00","dateModified":"2019-05-13T11:50:37+00:00","description":"Ergonomische Hocker f\u00fcr besondere Anforderungen wie Speed-Meetings, spontane Teambesprechungen und kreative Brainstormings.","breadcrumb":{"@id":"https:\/\/bioswing.de\/en\/sitzsysteme\/ergonomische-loesungen\/ergonomische-hocker-speedmeeting\/#breadcrumb"},"inLanguage":"en-GB","potentialAction":[{"@type":"ReadAction","target":["https:\/\/bioswing.de\/en\/sitzsysteme\/ergonomische-loesungen\/ergonomische-hocker-speedmeeting\/"]}]},{"@type":"BreadcrumbList","@id":"https:\/\/bioswing.de\/en\/sitzsysteme\/ergonomische-loesungen\/ergonomische-hocker-speedmeeting\/#breadcrumb","itemListElement":[{"@type":"ListItem","position":1,"name":"Startseite","item":"https:\/\/bioswing.de\/en\/"},{"@type":"ListItem","position":2,"name":"Seating systems","item":"https:\/\/bioswing.de\/en\/"},{"@type":"ListItem","position":3,"name":"Ergonomic solutions","item":"https:\/\/bioswing.de\/en\/sitzsysteme\/ergonomische-loesungen\/"},{"@type":"ListItem","position":4,"name":"Ideas for speed meetings"}]},{"@type":"WebSite","@id":"https:\/\/bioswing.de\/en\/#website","url":"https:\/\/bioswing.de\/en\/","name":"Haider Bioswing EN","description":"Ergonomische B\u00fcrost\u00fchle, Therapiesystem Posturomed und mehr","potentialAction":[{"@type":"SearchAction","target":{"@type":"EntryPoint","urlTemplate":"https:\/\/bioswing.de\/en\/?s={search_term_string}"},"query-input":"required name=search_term_string"}],"inLanguage":"en-GB"}]}},"_links":{"self":[{"href":"https:\/\/bioswing.de\/en\/wp-json\/wp\/v2\/pages\/2839"}],"collection":[{"href":"https:\/\/bioswing.de\/en\/wp-json\/wp\/v2\/pages"}],"about":[{"href":"https:\/\/bioswing.de\/en\/wp-json\/wp\/v2\/types\/page"}],"author":[{"embeddable":true,"href":"https:\/\/bioswing.de\/en\/wp-json\/wp\/v2\/users\/4"}],"replies":[{"embeddable":true,"href":"https:\/\/bioswing.de\/en\/wp-json\/wp\/v2\/comments?post=2839"}],"version-history":[{"count":10,"href":"https:\/\/bioswing.de\/en\/wp-json\/wp\/v2\/pages\/2839\/revisions"}],"predecessor-version":[{"id":6815,"href":"https:\/\/bioswing.de\/en\/wp-json\/wp\/v2\/pages\/2839\/revisions\/6815"}],"up":[{"embeddable":true,"href":"https:\/\/bioswing.de\/en\/wp-json\/wp\/v2\/pages\/107"}],"wp:attachment":[{"href":"https:\/\/bioswing.de\/en\/wp-json\/wp\/v2\/media?parent=2839"}],"curies":[{"name":"wp","href":"https:\/\/api.w.org\/{rel}","templated":true}]}}