{"id":3242,"date":"2018-09-18T15:01:35","date_gmt":"2018-09-18T13:01:35","guid":{"rendered":"http:\/\/haider-bioswing.de\/?page_id=3242"},"modified":"2019-05-07T10:19:03","modified_gmt":"2019-05-07T08:19:03","slug":"ergonomie-und-gesundes-sitzen-am-arbeitsplatz","status":"publish","type":"page","link":"https:\/\/bioswing.de\/en\/sitzsysteme\/ergonomische-loesungen\/ergonomie-und-gesundes-sitzen-am-arbeitsplatz\/","title":{"rendered":"Ergonomics etc."},"content":{"rendered":"","protected":false},"excerpt":{"rendered":"","protected":false},"author":4,"featured_media":0,"parent":107,"menu_order":7,"comment_status":"closed","ping_status":"closed","template":"template-loesungswelt.php","meta":[],"acf":[],"yoast_head":"<!-- This site is optimized with the Yoast SEO plugin v21.8.1 - https:\/\/yoast.com\/wordpress\/plugins\/seo\/ -->\n<title>Ergonomics etc. - Haider Bioswing EN<\/title>\n<meta name=\"description\" content=\"Ergonomische B\u00fcrost\u00fchle f\u00fcr Manager: Bioswing bietet vom Chefsessel bis zum Designerstuhl verschiedene B\u00fcrost\u00fchle f\u00fcr mehr Leistungsf\u00e4higkeit durch gesundes Sitzen.\" \/>\n<meta name=\"robots\" content=\"index, follow, max-snippet:-1, max-image-preview:large, max-video-preview:-1\" \/>\n<link rel=\"canonical\" href=\"https:\/\/bioswing.de\/en\/sitzsysteme\/ergonomische-loesungen\/ergonomie-und-gesundes-sitzen-am-arbeitsplatz\/\" \/>\n<meta property=\"og:locale\" content=\"en_GB\" \/>\n<meta property=\"og:type\" content=\"article\" \/>\n<meta property=\"og:title\" content=\"Ergonomics etc. - Haider Bioswing EN\" \/>\n<meta property=\"og:description\" content=\"Ergonomische B\u00fcrost\u00fchle f\u00fcr Manager: Bioswing bietet vom Chefsessel bis zum Designerstuhl verschiedene B\u00fcrost\u00fchle f\u00fcr mehr Leistungsf\u00e4higkeit durch gesundes Sitzen.\" \/>\n<meta property=\"og:url\" content=\"https:\/\/bioswing.de\/en\/sitzsysteme\/ergonomische-loesungen\/ergonomie-und-gesundes-sitzen-am-arbeitsplatz\/\" \/>\n<meta property=\"og:site_name\" content=\"Haider Bioswing EN\" \/>\n<meta property=\"article:modified_time\" content=\"2019-05-07T08:19:03+00:00\" \/>\n<meta name=\"twitter:card\" content=\"summary_large_image\" \/>\n<script type=\"application\/ld+json\" class=\"yoast-schema-graph\">{\"@context\":\"https:\/\/schema.org\",\"@graph\":[{\"@type\":\"WebPage\",\"@id\":\"https:\/\/bioswing.de\/en\/sitzsysteme\/ergonomische-loesungen\/ergonomie-und-gesundes-sitzen-am-arbeitsplatz\/\",\"url\":\"https:\/\/bioswing.de\/en\/sitzsysteme\/ergonomische-loesungen\/ergonomie-und-gesundes-sitzen-am-arbeitsplatz\/\",\"name\":\"Ergonomics etc. - Haider Bioswing EN\",\"isPartOf\":{\"@id\":\"https:\/\/bioswing.de\/en\/#website\"},\"datePublished\":\"2018-09-18T13:01:35+00:00\",\"dateModified\":\"2019-05-07T08:19:03+00:00\",\"description\":\"Ergonomische B\u00fcrost\u00fchle f\u00fcr Manager: Bioswing bietet vom Chefsessel bis zum Designerstuhl verschiedene B\u00fcrost\u00fchle f\u00fcr mehr Leistungsf\u00e4higkeit durch gesundes Sitzen.\",\"breadcrumb\":{\"@id\":\"https:\/\/bioswing.de\/en\/sitzsysteme\/ergonomische-loesungen\/ergonomie-und-gesundes-sitzen-am-arbeitsplatz\/#breadcrumb\"},\"inLanguage\":\"en-GB\",\"potentialAction\":[{\"@type\":\"ReadAction\",\"target\":[\"https:\/\/bioswing.de\/en\/sitzsysteme\/ergonomische-loesungen\/ergonomie-und-gesundes-sitzen-am-arbeitsplatz\/\"]}]},{\"@type\":\"BreadcrumbList\",\"@id\":\"https:\/\/bioswing.de\/en\/sitzsysteme\/ergonomische-loesungen\/ergonomie-und-gesundes-sitzen-am-arbeitsplatz\/#breadcrumb\",\"itemListElement\":[{\"@type\":\"ListItem\",\"position\":1,\"name\":\"Startseite\",\"item\":\"https:\/\/bioswing.de\/en\/\"},{\"@type\":\"ListItem\",\"position\":2,\"name\":\"Seating systems\",\"item\":\"https:\/\/bioswing.de\/en\/\"},{\"@type\":\"ListItem\",\"position\":3,\"name\":\"Ergonomic solutions\",\"item\":\"https:\/\/bioswing.de\/en\/sitzsysteme\/ergonomische-loesungen\/\"},{\"@type\":\"ListItem\",\"position\":4,\"name\":\"Ergonomics etc.\"}]},{\"@type\":\"WebSite\",\"@id\":\"https:\/\/bioswing.de\/en\/#website\",\"url\":\"https:\/\/bioswing.de\/en\/\",\"name\":\"Haider Bioswing EN\",\"description\":\"Ergonomische B\u00fcrost\u00fchle, Therapiesystem Posturomed und mehr\",\"potentialAction\":[{\"@type\":\"SearchAction\",\"target\":{\"@type\":\"EntryPoint\",\"urlTemplate\":\"https:\/\/bioswing.de\/en\/?s={search_term_string}\"},\"query-input\":\"required name=search_term_string\"}],\"inLanguage\":\"en-GB\"}]}<\/script>\n<!-- \/ Yoast SEO plugin. -->","yoast_head_json":{"title":"Ergonomics etc. - Haider Bioswing EN","description":"Ergonomische B\u00fcrost\u00fchle f\u00fcr Manager: Bioswing bietet vom Chefsessel bis zum Designerstuhl verschiedene B\u00fcrost\u00fchle f\u00fcr mehr Leistungsf\u00e4higkeit durch gesundes Sitzen.","robots":{"index":"index","follow":"follow","max-snippet":"max-snippet:-1","max-image-preview":"max-image-preview:large","max-video-preview":"max-video-preview:-1"},"canonical":"https:\/\/bioswing.de\/en\/sitzsysteme\/ergonomische-loesungen\/ergonomie-und-gesundes-sitzen-am-arbeitsplatz\/","og_locale":"en_GB","og_type":"article","og_title":"Ergonomics etc. - Haider Bioswing EN","og_description":"Ergonomische B\u00fcrost\u00fchle f\u00fcr Manager: Bioswing bietet vom Chefsessel bis zum Designerstuhl verschiedene B\u00fcrost\u00fchle f\u00fcr mehr Leistungsf\u00e4higkeit durch gesundes Sitzen.","og_url":"https:\/\/bioswing.de\/en\/sitzsysteme\/ergonomische-loesungen\/ergonomie-und-gesundes-sitzen-am-arbeitsplatz\/","og_site_name":"Haider Bioswing EN","article_modified_time":"2019-05-07T08:19:03+00:00","twitter_card":"summary_large_image","schema":{"@context":"https:\/\/schema.org","@graph":[{"@type":"WebPage","@id":"https:\/\/bioswing.de\/en\/sitzsysteme\/ergonomische-loesungen\/ergonomie-und-gesundes-sitzen-am-arbeitsplatz\/","url":"https:\/\/bioswing.de\/en\/sitzsysteme\/ergonomische-loesungen\/ergonomie-und-gesundes-sitzen-am-arbeitsplatz\/","name":"Ergonomics etc. - Haider Bioswing EN","isPartOf":{"@id":"https:\/\/bioswing.de\/en\/#website"},"datePublished":"2018-09-18T13:01:35+00:00","dateModified":"2019-05-07T08:19:03+00:00","description":"Ergonomische B\u00fcrost\u00fchle f\u00fcr Manager: Bioswing bietet vom Chefsessel bis zum Designerstuhl verschiedene B\u00fcrost\u00fchle f\u00fcr mehr Leistungsf\u00e4higkeit durch gesundes Sitzen.","breadcrumb":{"@id":"https:\/\/bioswing.de\/en\/sitzsysteme\/ergonomische-loesungen\/ergonomie-und-gesundes-sitzen-am-arbeitsplatz\/#breadcrumb"},"inLanguage":"en-GB","potentialAction":[{"@type":"ReadAction","target":["https:\/\/bioswing.de\/en\/sitzsysteme\/ergonomische-loesungen\/ergonomie-und-gesundes-sitzen-am-arbeitsplatz\/"]}]},{"@type":"BreadcrumbList","@id":"https:\/\/bioswing.de\/en\/sitzsysteme\/ergonomische-loesungen\/ergonomie-und-gesundes-sitzen-am-arbeitsplatz\/#breadcrumb","itemListElement":[{"@type":"ListItem","position":1,"name":"Startseite","item":"https:\/\/bioswing.de\/en\/"},{"@type":"ListItem","position":2,"name":"Seating systems","item":"https:\/\/bioswing.de\/en\/"},{"@type":"ListItem","position":3,"name":"Ergonomic solutions","item":"https:\/\/bioswing.de\/en\/sitzsysteme\/ergonomische-loesungen\/"},{"@type":"ListItem","position":4,"name":"Ergonomics etc."}]},{"@type":"WebSite","@id":"https:\/\/bioswing.de\/en\/#website","url":"https:\/\/bioswing.de\/en\/","name":"Haider Bioswing EN","description":"Ergonomische B\u00fcrost\u00fchle, Therapiesystem Posturomed und mehr","potentialAction":[{"@type":"SearchAction","target":{"@type":"EntryPoint","urlTemplate":"https:\/\/bioswing.de\/en\/?s={search_term_string}"},"query-input":"required name=search_term_string"}],"inLanguage":"en-GB"}]}},"_links":{"self":[{"href":"https:\/\/bioswing.de\/en\/wp-json\/wp\/v2\/pages\/3242"}],"collection":[{"href":"https:\/\/bioswing.de\/en\/wp-json\/wp\/v2\/pages"}],"about":[{"href":"https:\/\/bioswing.de\/en\/wp-json\/wp\/v2\/types\/page"}],"author":[{"embeddable":true,"href":"https:\/\/bioswing.de\/en\/wp-json\/wp\/v2\/users\/4"}],"replies":[{"embeddable":true,"href":"https:\/\/bioswing.de\/en\/wp-json\/wp\/v2\/comments?post=3242"}],"version-history":[{"count":11,"href":"https:\/\/bioswing.de\/en\/wp-json\/wp\/v2\/pages\/3242\/revisions"}],"predecessor-version":[{"id":6681,"href":"https:\/\/bioswing.de\/en\/wp-json\/wp\/v2\/pages\/3242\/revisions\/6681"}],"up":[{"embeddable":true,"href":"https:\/\/bioswing.de\/en\/wp-json\/wp\/v2\/pages\/107"}],"wp:attachment":[{"href":"https:\/\/bioswing.de\/en\/wp-json\/wp\/v2\/media?parent=3242"}],"curies":[{"name":"wp","href":"https:\/\/api.w.org\/{rel}","templated":true}]}}