{"id":5362,"date":"2018-12-17T15:19:40","date_gmt":"2018-12-17T14:19:40","guid":{"rendered":"http:\/\/haider-bioswing.de\/?page_id=5362"},"modified":"2022-06-29T14:45:22","modified_gmt":"2022-06-29T12:45:22","slug":"ergonomischer_chefsessel_7er","status":"publish","type":"page","link":"https:\/\/bioswing.de\/en\/sitzsysteme\/produkte\/ergonomischer_chefsessel_7er\/","title":{"rendered":"7 series"},"content":{"rendered":"","protected":false},"excerpt":{"rendered":"","protected":false},"author":4,"featured_media":0,"parent":109,"menu_order":5,"comment_status":"closed","ping_status":"closed","template":"template-produktdetail.php","meta":[],"acf":[],"yoast_head":"<!-- This site is optimized with the Yoast SEO plugin v21.8.1 - https:\/\/yoast.com\/wordpress\/plugins\/seo\/ -->\n<title>Ergonomische Chefsessel: die BIOSWING 7er Reihe<\/title>\n<meta name=\"description\" content=\"Chefsessel f\u00fcr h\u00f6chste Design- und Ergonomieanspr\u00fcche\" \/>\n<meta name=\"robots\" content=\"index, follow, max-snippet:-1, max-image-preview:large, max-video-preview:-1\" \/>\n<link rel=\"canonical\" href=\"https:\/\/bioswing.de\/en\/sitzsysteme\/produkte\/ergonomischer_chefsessel_7er\/\" \/>\n<meta property=\"og:locale\" content=\"en_GB\" \/>\n<meta property=\"og:type\" content=\"article\" \/>\n<meta property=\"og:title\" content=\"Ergonomische Chefsessel: die BIOSWING 7er Reihe\" \/>\n<meta property=\"og:description\" content=\"Chefsessel f\u00fcr h\u00f6chste Design- und Ergonomieanspr\u00fcche\" \/>\n<meta property=\"og:url\" content=\"https:\/\/bioswing.de\/en\/sitzsysteme\/produkte\/ergonomischer_chefsessel_7er\/\" \/>\n<meta property=\"og:site_name\" content=\"Haider Bioswing EN\" \/>\n<meta property=\"article:modified_time\" content=\"2022-06-29T12:45:22+00:00\" \/>\n<meta name=\"twitter:card\" content=\"summary_large_image\" \/>\n<script type=\"application\/ld+json\" class=\"yoast-schema-graph\">{\"@context\":\"https:\/\/schema.org\",\"@graph\":[{\"@type\":\"WebPage\",\"@id\":\"https:\/\/bioswing.de\/en\/sitzsysteme\/produkte\/ergonomischer_chefsessel_7er\/\",\"url\":\"https:\/\/bioswing.de\/en\/sitzsysteme\/produkte\/ergonomischer_chefsessel_7er\/\",\"name\":\"Ergonomische Chefsessel: die BIOSWING 7er Reihe\",\"isPartOf\":{\"@id\":\"https:\/\/bioswing.de\/en\/#website\"},\"datePublished\":\"2018-12-17T14:19:40+00:00\",\"dateModified\":\"2022-06-29T12:45:22+00:00\",\"description\":\"Chefsessel f\u00fcr h\u00f6chste Design- und Ergonomieanspr\u00fcche\",\"breadcrumb\":{\"@id\":\"https:\/\/bioswing.de\/en\/sitzsysteme\/produkte\/ergonomischer_chefsessel_7er\/#breadcrumb\"},\"inLanguage\":\"en-GB\",\"potentialAction\":[{\"@type\":\"ReadAction\",\"target\":[\"https:\/\/bioswing.de\/en\/sitzsysteme\/produkte\/ergonomischer_chefsessel_7er\/\"]}]},{\"@type\":\"BreadcrumbList\",\"@id\":\"https:\/\/bioswing.de\/en\/sitzsysteme\/produkte\/ergonomischer_chefsessel_7er\/#breadcrumb\",\"itemListElement\":[{\"@type\":\"ListItem\",\"position\":1,\"name\":\"Startseite\",\"item\":\"https:\/\/bioswing.de\/en\/\"},{\"@type\":\"ListItem\",\"position\":2,\"name\":\"Seating systems\",\"item\":\"https:\/\/bioswing.de\/en\/\"},{\"@type\":\"ListItem\",\"position\":3,\"name\":\"Products\",\"item\":\"https:\/\/bioswing.de\/en\/sitzsysteme\/produkte\/\"},{\"@type\":\"ListItem\",\"position\":4,\"name\":\"7 series\"}]},{\"@type\":\"WebSite\",\"@id\":\"https:\/\/bioswing.de\/en\/#website\",\"url\":\"https:\/\/bioswing.de\/en\/\",\"name\":\"Haider Bioswing EN\",\"description\":\"Ergonomische B\u00fcrost\u00fchle, Therapiesystem Posturomed und mehr\",\"potentialAction\":[{\"@type\":\"SearchAction\",\"target\":{\"@type\":\"EntryPoint\",\"urlTemplate\":\"https:\/\/bioswing.de\/en\/?s={search_term_string}\"},\"query-input\":\"required name=search_term_string\"}],\"inLanguage\":\"en-GB\"}]}<\/script>\n<!-- \/ Yoast SEO plugin. -->","yoast_head_json":{"title":"Ergonomische Chefsessel: die BIOSWING 7er Reihe","description":"Chefsessel f\u00fcr h\u00f6chste Design- und Ergonomieanspr\u00fcche","robots":{"index":"index","follow":"follow","max-snippet":"max-snippet:-1","max-image-preview":"max-image-preview:large","max-video-preview":"max-video-preview:-1"},"canonical":"https:\/\/bioswing.de\/en\/sitzsysteme\/produkte\/ergonomischer_chefsessel_7er\/","og_locale":"en_GB","og_type":"article","og_title":"Ergonomische Chefsessel: die BIOSWING 7er Reihe","og_description":"Chefsessel f\u00fcr h\u00f6chste Design- und Ergonomieanspr\u00fcche","og_url":"https:\/\/bioswing.de\/en\/sitzsysteme\/produkte\/ergonomischer_chefsessel_7er\/","og_site_name":"Haider Bioswing EN","article_modified_time":"2022-06-29T12:45:22+00:00","twitter_card":"summary_large_image","schema":{"@context":"https:\/\/schema.org","@graph":[{"@type":"WebPage","@id":"https:\/\/bioswing.de\/en\/sitzsysteme\/produkte\/ergonomischer_chefsessel_7er\/","url":"https:\/\/bioswing.de\/en\/sitzsysteme\/produkte\/ergonomischer_chefsessel_7er\/","name":"Ergonomische Chefsessel: die BIOSWING 7er Reihe","isPartOf":{"@id":"https:\/\/bioswing.de\/en\/#website"},"datePublished":"2018-12-17T14:19:40+00:00","dateModified":"2022-06-29T12:45:22+00:00","description":"Chefsessel f\u00fcr h\u00f6chste Design- und Ergonomieanspr\u00fcche","breadcrumb":{"@id":"https:\/\/bioswing.de\/en\/sitzsysteme\/produkte\/ergonomischer_chefsessel_7er\/#breadcrumb"},"inLanguage":"en-GB","potentialAction":[{"@type":"ReadAction","target":["https:\/\/bioswing.de\/en\/sitzsysteme\/produkte\/ergonomischer_chefsessel_7er\/"]}]},{"@type":"BreadcrumbList","@id":"https:\/\/bioswing.de\/en\/sitzsysteme\/produkte\/ergonomischer_chefsessel_7er\/#breadcrumb","itemListElement":[{"@type":"ListItem","position":1,"name":"Startseite","item":"https:\/\/bioswing.de\/en\/"},{"@type":"ListItem","position":2,"name":"Seating systems","item":"https:\/\/bioswing.de\/en\/"},{"@type":"ListItem","position":3,"name":"Products","item":"https:\/\/bioswing.de\/en\/sitzsysteme\/produkte\/"},{"@type":"ListItem","position":4,"name":"7 series"}]},{"@type":"WebSite","@id":"https:\/\/bioswing.de\/en\/#website","url":"https:\/\/bioswing.de\/en\/","name":"Haider Bioswing EN","description":"Ergonomische B\u00fcrost\u00fchle, Therapiesystem Posturomed und mehr","potentialAction":[{"@type":"SearchAction","target":{"@type":"EntryPoint","urlTemplate":"https:\/\/bioswing.de\/en\/?s={search_term_string}"},"query-input":"required name=search_term_string"}],"inLanguage":"en-GB"}]}},"_links":{"self":[{"href":"https:\/\/bioswing.de\/en\/wp-json\/wp\/v2\/pages\/5362"}],"collection":[{"href":"https:\/\/bioswing.de\/en\/wp-json\/wp\/v2\/pages"}],"about":[{"href":"https:\/\/bioswing.de\/en\/wp-json\/wp\/v2\/types\/page"}],"author":[{"embeddable":true,"href":"https:\/\/bioswing.de\/en\/wp-json\/wp\/v2\/users\/4"}],"replies":[{"embeddable":true,"href":"https:\/\/bioswing.de\/en\/wp-json\/wp\/v2\/comments?post=5362"}],"version-history":[{"count":10,"href":"https:\/\/bioswing.de\/en\/wp-json\/wp\/v2\/pages\/5362\/revisions"}],"predecessor-version":[{"id":7015,"href":"https:\/\/bioswing.de\/en\/wp-json\/wp\/v2\/pages\/5362\/revisions\/7015"}],"up":[{"embeddable":true,"href":"https:\/\/bioswing.de\/en\/wp-json\/wp\/v2\/pages\/109"}],"wp:attachment":[{"href":"https:\/\/bioswing.de\/en\/wp-json\/wp\/v2\/media?parent=5362"}],"curies":[{"name":"wp","href":"https:\/\/api.w.org\/{rel}","templated":true}]}}