{"id":5370,"date":"2018-12-17T15:31:39","date_gmt":"2018-12-17T14:31:39","guid":{"rendered":"http:\/\/haider-bioswing.de\/?page_id=5370"},"modified":"2022-06-29T14:37:38","modified_gmt":"2022-06-29T12:37:38","slug":"ergonomischer_buerostuhl_2er","status":"publish","type":"page","link":"https:\/\/bioswing.de\/en\/sitzsysteme\/produkte\/ergonomischer_buerostuhl_2er\/","title":{"rendered":"2 series"},"content":{"rendered":"","protected":false},"excerpt":{"rendered":"","protected":false},"author":4,"featured_media":0,"parent":109,"menu_order":0,"comment_status":"closed","ping_status":"closed","template":"template-produktdetail.php","meta":[],"acf":[],"yoast_head":"<!-- This site is optimized with the Yoast SEO plugin v21.8.1 - https:\/\/yoast.com\/wordpress\/plugins\/seo\/ -->\n<title>Ergonomische B\u00fcrost\u00fchle: die BIOSWING 2er Reihe<\/title>\n<meta name=\"description\" content=\"Ergonomischer B\u00fcrostuhl f\u00fcr&#039;s Office, besonders geeignet auch bei R\u00fcckenschmerzen oder Bandscheibenvorfall\" \/>\n<meta name=\"robots\" content=\"index, follow, max-snippet:-1, max-image-preview:large, max-video-preview:-1\" \/>\n<link rel=\"canonical\" href=\"https:\/\/bioswing.de\/en\/sitzsysteme\/produkte\/ergonomischer_buerostuhl_2er\/\" \/>\n<meta property=\"og:locale\" content=\"en_GB\" \/>\n<meta property=\"og:type\" content=\"article\" \/>\n<meta property=\"og:title\" content=\"Ergonomische B\u00fcrost\u00fchle: die BIOSWING 2er Reihe\" \/>\n<meta property=\"og:description\" content=\"Ergonomischer B\u00fcrostuhl f\u00fcr&#039;s Office, besonders geeignet auch bei R\u00fcckenschmerzen oder Bandscheibenvorfall\" \/>\n<meta property=\"og:url\" content=\"https:\/\/bioswing.de\/en\/sitzsysteme\/produkte\/ergonomischer_buerostuhl_2er\/\" \/>\n<meta property=\"og:site_name\" content=\"Haider Bioswing EN\" \/>\n<meta property=\"article:modified_time\" content=\"2022-06-29T12:37:38+00:00\" \/>\n<meta name=\"twitter:card\" content=\"summary_large_image\" \/>\n<script type=\"application\/ld+json\" class=\"yoast-schema-graph\">{\"@context\":\"https:\/\/schema.org\",\"@graph\":[{\"@type\":\"WebPage\",\"@id\":\"https:\/\/bioswing.de\/en\/sitzsysteme\/produkte\/ergonomischer_buerostuhl_2er\/\",\"url\":\"https:\/\/bioswing.de\/en\/sitzsysteme\/produkte\/ergonomischer_buerostuhl_2er\/\",\"name\":\"Ergonomische B\u00fcrost\u00fchle: die BIOSWING 2er Reihe\",\"isPartOf\":{\"@id\":\"https:\/\/bioswing.de\/en\/#website\"},\"datePublished\":\"2018-12-17T14:31:39+00:00\",\"dateModified\":\"2022-06-29T12:37:38+00:00\",\"description\":\"Ergonomischer B\u00fcrostuhl f\u00fcr's Office, besonders geeignet auch bei R\u00fcckenschmerzen oder Bandscheibenvorfall\",\"breadcrumb\":{\"@id\":\"https:\/\/bioswing.de\/en\/sitzsysteme\/produkte\/ergonomischer_buerostuhl_2er\/#breadcrumb\"},\"inLanguage\":\"en-GB\",\"potentialAction\":[{\"@type\":\"ReadAction\",\"target\":[\"https:\/\/bioswing.de\/en\/sitzsysteme\/produkte\/ergonomischer_buerostuhl_2er\/\"]}]},{\"@type\":\"BreadcrumbList\",\"@id\":\"https:\/\/bioswing.de\/en\/sitzsysteme\/produkte\/ergonomischer_buerostuhl_2er\/#breadcrumb\",\"itemListElement\":[{\"@type\":\"ListItem\",\"position\":1,\"name\":\"Startseite\",\"item\":\"https:\/\/bioswing.de\/en\/\"},{\"@type\":\"ListItem\",\"position\":2,\"name\":\"Seating systems\",\"item\":\"https:\/\/bioswing.de\/en\/\"},{\"@type\":\"ListItem\",\"position\":3,\"name\":\"Products\",\"item\":\"https:\/\/bioswing.de\/en\/sitzsysteme\/produkte\/\"},{\"@type\":\"ListItem\",\"position\":4,\"name\":\"2 series\"}]},{\"@type\":\"WebSite\",\"@id\":\"https:\/\/bioswing.de\/en\/#website\",\"url\":\"https:\/\/bioswing.de\/en\/\",\"name\":\"Haider Bioswing EN\",\"description\":\"Ergonomische B\u00fcrost\u00fchle, Therapiesystem Posturomed und mehr\",\"potentialAction\":[{\"@type\":\"SearchAction\",\"target\":{\"@type\":\"EntryPoint\",\"urlTemplate\":\"https:\/\/bioswing.de\/en\/?s={search_term_string}\"},\"query-input\":\"required name=search_term_string\"}],\"inLanguage\":\"en-GB\"}]}<\/script>\n<!-- \/ Yoast SEO plugin. -->","yoast_head_json":{"title":"Ergonomische B\u00fcrost\u00fchle: die BIOSWING 2er Reihe","description":"Ergonomischer B\u00fcrostuhl f\u00fcr's Office, besonders geeignet auch bei R\u00fcckenschmerzen oder Bandscheibenvorfall","robots":{"index":"index","follow":"follow","max-snippet":"max-snippet:-1","max-image-preview":"max-image-preview:large","max-video-preview":"max-video-preview:-1"},"canonical":"https:\/\/bioswing.de\/en\/sitzsysteme\/produkte\/ergonomischer_buerostuhl_2er\/","og_locale":"en_GB","og_type":"article","og_title":"Ergonomische B\u00fcrost\u00fchle: die BIOSWING 2er Reihe","og_description":"Ergonomischer B\u00fcrostuhl f\u00fcr's Office, besonders geeignet auch bei R\u00fcckenschmerzen oder Bandscheibenvorfall","og_url":"https:\/\/bioswing.de\/en\/sitzsysteme\/produkte\/ergonomischer_buerostuhl_2er\/","og_site_name":"Haider Bioswing EN","article_modified_time":"2022-06-29T12:37:38+00:00","twitter_card":"summary_large_image","schema":{"@context":"https:\/\/schema.org","@graph":[{"@type":"WebPage","@id":"https:\/\/bioswing.de\/en\/sitzsysteme\/produkte\/ergonomischer_buerostuhl_2er\/","url":"https:\/\/bioswing.de\/en\/sitzsysteme\/produkte\/ergonomischer_buerostuhl_2er\/","name":"Ergonomische B\u00fcrost\u00fchle: die BIOSWING 2er Reihe","isPartOf":{"@id":"https:\/\/bioswing.de\/en\/#website"},"datePublished":"2018-12-17T14:31:39+00:00","dateModified":"2022-06-29T12:37:38+00:00","description":"Ergonomischer B\u00fcrostuhl f\u00fcr's Office, besonders geeignet auch bei R\u00fcckenschmerzen oder Bandscheibenvorfall","breadcrumb":{"@id":"https:\/\/bioswing.de\/en\/sitzsysteme\/produkte\/ergonomischer_buerostuhl_2er\/#breadcrumb"},"inLanguage":"en-GB","potentialAction":[{"@type":"ReadAction","target":["https:\/\/bioswing.de\/en\/sitzsysteme\/produkte\/ergonomischer_buerostuhl_2er\/"]}]},{"@type":"BreadcrumbList","@id":"https:\/\/bioswing.de\/en\/sitzsysteme\/produkte\/ergonomischer_buerostuhl_2er\/#breadcrumb","itemListElement":[{"@type":"ListItem","position":1,"name":"Startseite","item":"https:\/\/bioswing.de\/en\/"},{"@type":"ListItem","position":2,"name":"Seating systems","item":"https:\/\/bioswing.de\/en\/"},{"@type":"ListItem","position":3,"name":"Products","item":"https:\/\/bioswing.de\/en\/sitzsysteme\/produkte\/"},{"@type":"ListItem","position":4,"name":"2 series"}]},{"@type":"WebSite","@id":"https:\/\/bioswing.de\/en\/#website","url":"https:\/\/bioswing.de\/en\/","name":"Haider Bioswing EN","description":"Ergonomische B\u00fcrost\u00fchle, Therapiesystem Posturomed und mehr","potentialAction":[{"@type":"SearchAction","target":{"@type":"EntryPoint","urlTemplate":"https:\/\/bioswing.de\/en\/?s={search_term_string}"},"query-input":"required name=search_term_string"}],"inLanguage":"en-GB"}]}},"_links":{"self":[{"href":"https:\/\/bioswing.de\/en\/wp-json\/wp\/v2\/pages\/5370"}],"collection":[{"href":"https:\/\/bioswing.de\/en\/wp-json\/wp\/v2\/pages"}],"about":[{"href":"https:\/\/bioswing.de\/en\/wp-json\/wp\/v2\/types\/page"}],"author":[{"embeddable":true,"href":"https:\/\/bioswing.de\/en\/wp-json\/wp\/v2\/users\/4"}],"replies":[{"embeddable":true,"href":"https:\/\/bioswing.de\/en\/wp-json\/wp\/v2\/comments?post=5370"}],"version-history":[{"count":10,"href":"https:\/\/bioswing.de\/en\/wp-json\/wp\/v2\/pages\/5370\/revisions"}],"predecessor-version":[{"id":7010,"href":"https:\/\/bioswing.de\/en\/wp-json\/wp\/v2\/pages\/5370\/revisions\/7010"}],"up":[{"embeddable":true,"href":"https:\/\/bioswing.de\/en\/wp-json\/wp\/v2\/pages\/109"}],"wp:attachment":[{"href":"https:\/\/bioswing.de\/en\/wp-json\/wp\/v2\/media?parent=5370"}],"curies":[{"name":"wp","href":"https:\/\/api.w.org\/{rel}","templated":true}]}}