{"id":80,"date":"2017-12-20T11:16:28","date_gmt":"2017-12-20T10:16:37","guid":{"rendered":"http:\/\/webby\/bioswing18\/?page_id=80"},"modified":"2019-05-13T13:59:00","modified_gmt":"2019-05-13T11:59:00","slug":"ergonomische-buerostuehle-manager-chefsessel","status":"publish","type":"page","link":"https:\/\/bioswing.de\/en\/sitzsysteme\/ergonomische-loesungen\/ergonomische-buerostuehle-manager-chefsessel\/","title":{"rendered":"Ergonomic solutions for managers"},"content":{"rendered":"","protected":false},"excerpt":{"rendered":"","protected":false},"author":2,"featured_media":0,"parent":107,"menu_order":0,"comment_status":"closed","ping_status":"closed","template":"template-loesungswelt.php","meta":[],"acf":[],"yoast_head":"<!-- This site is optimized with the Yoast SEO plugin v21.8.1 - https:\/\/yoast.com\/wordpress\/plugins\/seo\/ -->\n<title>Hochwertige Design-B\u00fcrost\u00fchle f\u00fcr Manager \/ Chefsessel<\/title>\n<meta name=\"description\" content=\"Die besondere Sitzl\u00f6sung f\u00fcr Kenner: Bioswing bietet vom Chefsessel bis zum Designerstuhl B\u00fcrost\u00fchle, die Ihre Performance stimulieren.\" \/>\n<meta name=\"robots\" content=\"index, follow, max-snippet:-1, max-image-preview:large, max-video-preview:-1\" \/>\n<link rel=\"canonical\" href=\"https:\/\/bioswing.de\/en\/sitzsysteme\/ergonomische-loesungen\/ergonomische-buerostuehle-manager-chefsessel\/\" \/>\n<meta property=\"og:locale\" content=\"en_GB\" \/>\n<meta property=\"og:type\" content=\"article\" \/>\n<meta property=\"og:title\" content=\"Hochwertige Design-B\u00fcrost\u00fchle f\u00fcr Manager \/ Chefsessel\" \/>\n<meta property=\"og:description\" content=\"Die besondere Sitzl\u00f6sung f\u00fcr Kenner: Bioswing bietet vom Chefsessel bis zum Designerstuhl B\u00fcrost\u00fchle, die Ihre Performance stimulieren.\" \/>\n<meta property=\"og:url\" content=\"https:\/\/bioswing.de\/en\/sitzsysteme\/ergonomische-loesungen\/ergonomische-buerostuehle-manager-chefsessel\/\" \/>\n<meta property=\"og:site_name\" content=\"Haider Bioswing EN\" \/>\n<meta property=\"article:modified_time\" content=\"2019-05-13T11:59:00+00:00\" \/>\n<meta name=\"twitter:card\" content=\"summary_large_image\" \/>\n<script type=\"application\/ld+json\" class=\"yoast-schema-graph\">{\"@context\":\"https:\/\/schema.org\",\"@graph\":[{\"@type\":\"WebPage\",\"@id\":\"https:\/\/bioswing.de\/en\/sitzsysteme\/ergonomische-loesungen\/ergonomische-buerostuehle-manager-chefsessel\/\",\"url\":\"https:\/\/bioswing.de\/en\/sitzsysteme\/ergonomische-loesungen\/ergonomische-buerostuehle-manager-chefsessel\/\",\"name\":\"Hochwertige Design-B\u00fcrost\u00fchle f\u00fcr Manager \/ Chefsessel\",\"isPartOf\":{\"@id\":\"https:\/\/bioswing.de\/en\/#website\"},\"datePublished\":\"2017-12-20T10:16:37+00:00\",\"dateModified\":\"2019-05-13T11:59:00+00:00\",\"description\":\"Die besondere Sitzl\u00f6sung f\u00fcr Kenner: Bioswing bietet vom Chefsessel bis zum Designerstuhl B\u00fcrost\u00fchle, die Ihre Performance stimulieren.\",\"breadcrumb\":{\"@id\":\"https:\/\/bioswing.de\/en\/sitzsysteme\/ergonomische-loesungen\/ergonomische-buerostuehle-manager-chefsessel\/#breadcrumb\"},\"inLanguage\":\"en-GB\",\"potentialAction\":[{\"@type\":\"ReadAction\",\"target\":[\"https:\/\/bioswing.de\/en\/sitzsysteme\/ergonomische-loesungen\/ergonomische-buerostuehle-manager-chefsessel\/\"]}]},{\"@type\":\"BreadcrumbList\",\"@id\":\"https:\/\/bioswing.de\/en\/sitzsysteme\/ergonomische-loesungen\/ergonomische-buerostuehle-manager-chefsessel\/#breadcrumb\",\"itemListElement\":[{\"@type\":\"ListItem\",\"position\":1,\"name\":\"Startseite\",\"item\":\"https:\/\/bioswing.de\/en\/\"},{\"@type\":\"ListItem\",\"position\":2,\"name\":\"Seating systems\",\"item\":\"https:\/\/bioswing.de\/en\/\"},{\"@type\":\"ListItem\",\"position\":3,\"name\":\"Ergonomic solutions\",\"item\":\"https:\/\/bioswing.de\/en\/sitzsysteme\/ergonomische-loesungen\/\"},{\"@type\":\"ListItem\",\"position\":4,\"name\":\"Ergonomic solutions for managers\"}]},{\"@type\":\"WebSite\",\"@id\":\"https:\/\/bioswing.de\/en\/#website\",\"url\":\"https:\/\/bioswing.de\/en\/\",\"name\":\"Haider Bioswing EN\",\"description\":\"Ergonomische B\u00fcrost\u00fchle, Therapiesystem Posturomed und mehr\",\"potentialAction\":[{\"@type\":\"SearchAction\",\"target\":{\"@type\":\"EntryPoint\",\"urlTemplate\":\"https:\/\/bioswing.de\/en\/?s={search_term_string}\"},\"query-input\":\"required name=search_term_string\"}],\"inLanguage\":\"en-GB\"}]}<\/script>\n<!-- \/ Yoast SEO plugin. -->","yoast_head_json":{"title":"Hochwertige Design-B\u00fcrost\u00fchle f\u00fcr Manager \/ Chefsessel","description":"Die besondere Sitzl\u00f6sung f\u00fcr Kenner: Bioswing bietet vom Chefsessel bis zum Designerstuhl B\u00fcrost\u00fchle, die Ihre Performance stimulieren.","robots":{"index":"index","follow":"follow","max-snippet":"max-snippet:-1","max-image-preview":"max-image-preview:large","max-video-preview":"max-video-preview:-1"},"canonical":"https:\/\/bioswing.de\/en\/sitzsysteme\/ergonomische-loesungen\/ergonomische-buerostuehle-manager-chefsessel\/","og_locale":"en_GB","og_type":"article","og_title":"Hochwertige Design-B\u00fcrost\u00fchle f\u00fcr Manager \/ Chefsessel","og_description":"Die besondere Sitzl\u00f6sung f\u00fcr Kenner: Bioswing bietet vom Chefsessel bis zum Designerstuhl B\u00fcrost\u00fchle, die Ihre Performance stimulieren.","og_url":"https:\/\/bioswing.de\/en\/sitzsysteme\/ergonomische-loesungen\/ergonomische-buerostuehle-manager-chefsessel\/","og_site_name":"Haider Bioswing EN","article_modified_time":"2019-05-13T11:59:00+00:00","twitter_card":"summary_large_image","schema":{"@context":"https:\/\/schema.org","@graph":[{"@type":"WebPage","@id":"https:\/\/bioswing.de\/en\/sitzsysteme\/ergonomische-loesungen\/ergonomische-buerostuehle-manager-chefsessel\/","url":"https:\/\/bioswing.de\/en\/sitzsysteme\/ergonomische-loesungen\/ergonomische-buerostuehle-manager-chefsessel\/","name":"Hochwertige Design-B\u00fcrost\u00fchle f\u00fcr Manager \/ Chefsessel","isPartOf":{"@id":"https:\/\/bioswing.de\/en\/#website"},"datePublished":"2017-12-20T10:16:37+00:00","dateModified":"2019-05-13T11:59:00+00:00","description":"Die besondere Sitzl\u00f6sung f\u00fcr Kenner: Bioswing bietet vom Chefsessel bis zum Designerstuhl B\u00fcrost\u00fchle, die Ihre Performance stimulieren.","breadcrumb":{"@id":"https:\/\/bioswing.de\/en\/sitzsysteme\/ergonomische-loesungen\/ergonomische-buerostuehle-manager-chefsessel\/#breadcrumb"},"inLanguage":"en-GB","potentialAction":[{"@type":"ReadAction","target":["https:\/\/bioswing.de\/en\/sitzsysteme\/ergonomische-loesungen\/ergonomische-buerostuehle-manager-chefsessel\/"]}]},{"@type":"BreadcrumbList","@id":"https:\/\/bioswing.de\/en\/sitzsysteme\/ergonomische-loesungen\/ergonomische-buerostuehle-manager-chefsessel\/#breadcrumb","itemListElement":[{"@type":"ListItem","position":1,"name":"Startseite","item":"https:\/\/bioswing.de\/en\/"},{"@type":"ListItem","position":2,"name":"Seating systems","item":"https:\/\/bioswing.de\/en\/"},{"@type":"ListItem","position":3,"name":"Ergonomic solutions","item":"https:\/\/bioswing.de\/en\/sitzsysteme\/ergonomische-loesungen\/"},{"@type":"ListItem","position":4,"name":"Ergonomic solutions for managers"}]},{"@type":"WebSite","@id":"https:\/\/bioswing.de\/en\/#website","url":"https:\/\/bioswing.de\/en\/","name":"Haider Bioswing EN","description":"Ergonomische B\u00fcrost\u00fchle, Therapiesystem Posturomed und mehr","potentialAction":[{"@type":"SearchAction","target":{"@type":"EntryPoint","urlTemplate":"https:\/\/bioswing.de\/en\/?s={search_term_string}"},"query-input":"required name=search_term_string"}],"inLanguage":"en-GB"}]}},"_links":{"self":[{"href":"https:\/\/bioswing.de\/en\/wp-json\/wp\/v2\/pages\/80"}],"collection":[{"href":"https:\/\/bioswing.de\/en\/wp-json\/wp\/v2\/pages"}],"about":[{"href":"https:\/\/bioswing.de\/en\/wp-json\/wp\/v2\/types\/page"}],"author":[{"embeddable":true,"href":"https:\/\/bioswing.de\/en\/wp-json\/wp\/v2\/users\/2"}],"replies":[{"embeddable":true,"href":"https:\/\/bioswing.de\/en\/wp-json\/wp\/v2\/comments?post=80"}],"version-history":[{"count":10,"href":"https:\/\/bioswing.de\/en\/wp-json\/wp\/v2\/pages\/80\/revisions"}],"predecessor-version":[{"id":6817,"href":"https:\/\/bioswing.de\/en\/wp-json\/wp\/v2\/pages\/80\/revisions\/6817"}],"up":[{"embeddable":true,"href":"https:\/\/bioswing.de\/en\/wp-json\/wp\/v2\/pages\/107"}],"wp:attachment":[{"href":"https:\/\/bioswing.de\/en\/wp-json\/wp\/v2\/media?parent=80"}],"curies":[{"name":"wp","href":"https:\/\/api.w.org\/{rel}","templated":true}]}}