{"id":2823,"date":"2018-09-11T16:38:56","date_gmt":"2018-09-11T14:38:56","guid":{"rendered":"http:\/\/haider-bioswing.de\/?page_id=2823"},"modified":"2019-05-14T14:08:03","modified_gmt":"2019-05-14T12:08:03","slug":"ergonomische-buereostuehle-meeting-konferenz","status":"publish","type":"page","link":"https:\/\/bioswing.de\/fr\/sitzsysteme\/solutions-ergonomiques\/ergonomische-buereostuehle-meeting-konferenz\/","title":{"rendered":"Mobilier d&rsquo;assise pour les r\u00e9unions"},"content":{"rendered":"","protected":false},"excerpt":{"rendered":"","protected":false},"author":2,"featured_media":0,"parent":107,"menu_order":3,"comment_status":"closed","ping_status":"closed","template":"template-loesungswelt.php","meta":[],"acf":[],"yoast_head":"<!-- This site is optimized with the Yoast SEO plugin v21.8.1 - https:\/\/yoast.com\/wordpress\/plugins\/seo\/ -->\n<title>Design-Konferenzst\u00fchle, die die Kreativit\u00e4t befl\u00fcgeln<\/title>\n<meta name=\"description\" content=\"Konferenzst\u00fchle f\u00fcr mehr Leistung und Kreativit\u00e4t. Nat\u00fcrlich in gewohnter Bioswing-Qualit\u00e4t f\u00fcr h\u00f6chste Ergonomie Anspr\u00fcche und hochwertigem Design.\" \/>\n<meta name=\"robots\" content=\"index, follow, max-snippet:-1, max-image-preview:large, max-video-preview:-1\" \/>\n<link rel=\"canonical\" href=\"https:\/\/bioswing.de\/fr\/sitzsysteme\/solutions-ergonomiques\/ergonomische-buereostuehle-meeting-konferenz\/\" \/>\n<meta property=\"og:locale\" content=\"fr_FR\" \/>\n<meta property=\"og:type\" content=\"article\" \/>\n<meta property=\"og:title\" content=\"Design-Konferenzst\u00fchle, die die Kreativit\u00e4t befl\u00fcgeln\" \/>\n<meta property=\"og:description\" content=\"Konferenzst\u00fchle f\u00fcr mehr Leistung und Kreativit\u00e4t. Nat\u00fcrlich in gewohnter Bioswing-Qualit\u00e4t f\u00fcr h\u00f6chste Ergonomie Anspr\u00fcche und hochwertigem Design.\" \/>\n<meta property=\"og:url\" content=\"https:\/\/bioswing.de\/fr\/sitzsysteme\/solutions-ergonomiques\/ergonomische-buereostuehle-meeting-konferenz\/\" \/>\n<meta property=\"og:site_name\" content=\"Haider Bioswing FR\" \/>\n<meta property=\"article:modified_time\" content=\"2019-05-14T12:08:03+00:00\" \/>\n<meta name=\"twitter:card\" content=\"summary_large_image\" \/>\n<script type=\"application\/ld+json\" class=\"yoast-schema-graph\">{\"@context\":\"https:\/\/schema.org\",\"@graph\":[{\"@type\":\"WebPage\",\"@id\":\"https:\/\/bioswing.de\/fr\/sitzsysteme\/solutions-ergonomiques\/ergonomische-buereostuehle-meeting-konferenz\/\",\"url\":\"https:\/\/bioswing.de\/fr\/sitzsysteme\/solutions-ergonomiques\/ergonomische-buereostuehle-meeting-konferenz\/\",\"name\":\"Design-Konferenzst\u00fchle, die die Kreativit\u00e4t befl\u00fcgeln\",\"isPartOf\":{\"@id\":\"https:\/\/bioswing.de\/fr\/#website\"},\"datePublished\":\"2018-09-11T14:38:56+00:00\",\"dateModified\":\"2019-05-14T12:08:03+00:00\",\"description\":\"Konferenzst\u00fchle f\u00fcr mehr Leistung und Kreativit\u00e4t. Nat\u00fcrlich in gewohnter Bioswing-Qualit\u00e4t f\u00fcr h\u00f6chste Ergonomie Anspr\u00fcche und hochwertigem Design.\",\"breadcrumb\":{\"@id\":\"https:\/\/bioswing.de\/fr\/sitzsysteme\/solutions-ergonomiques\/ergonomische-buereostuehle-meeting-konferenz\/#breadcrumb\"},\"inLanguage\":\"fr-FR\",\"potentialAction\":[{\"@type\":\"ReadAction\",\"target\":[\"https:\/\/bioswing.de\/fr\/sitzsysteme\/solutions-ergonomiques\/ergonomische-buereostuehle-meeting-konferenz\/\"]}]},{\"@type\":\"BreadcrumbList\",\"@id\":\"https:\/\/bioswing.de\/fr\/sitzsysteme\/solutions-ergonomiques\/ergonomische-buereostuehle-meeting-konferenz\/#breadcrumb\",\"itemListElement\":[{\"@type\":\"ListItem\",\"position\":1,\"name\":\"Startseite\",\"item\":\"https:\/\/bioswing.de\/fr\/\"},{\"@type\":\"ListItem\",\"position\":2,\"name\":\"Syst\u00e8mes d&rsquo;assise\",\"item\":\"https:\/\/bioswing.de\/fr\/\"},{\"@type\":\"ListItem\",\"position\":3,\"name\":\"Solutions Ergonomiques\",\"item\":\"https:\/\/bioswing.de\/fr\/sitzsysteme\/solutions-ergonomiques\/\"},{\"@type\":\"ListItem\",\"position\":4,\"name\":\"Mobilier d&rsquo;assise pour les r\u00e9unions\"}]},{\"@type\":\"WebSite\",\"@id\":\"https:\/\/bioswing.de\/fr\/#website\",\"url\":\"https:\/\/bioswing.de\/fr\/\",\"name\":\"Haider Bioswing FR\",\"description\":\"Ergonomische B\u00fcrost\u00fchle, Therapiesystem Posturomed und mehr\",\"potentialAction\":[{\"@type\":\"SearchAction\",\"target\":{\"@type\":\"EntryPoint\",\"urlTemplate\":\"https:\/\/bioswing.de\/fr\/?s={search_term_string}\"},\"query-input\":\"required name=search_term_string\"}],\"inLanguage\":\"fr-FR\"}]}<\/script>\n<!-- \/ Yoast SEO plugin. -->","yoast_head_json":{"title":"Design-Konferenzst\u00fchle, die die Kreativit\u00e4t befl\u00fcgeln","description":"Konferenzst\u00fchle f\u00fcr mehr Leistung und Kreativit\u00e4t. Nat\u00fcrlich in gewohnter Bioswing-Qualit\u00e4t f\u00fcr h\u00f6chste Ergonomie Anspr\u00fcche und hochwertigem Design.","robots":{"index":"index","follow":"follow","max-snippet":"max-snippet:-1","max-image-preview":"max-image-preview:large","max-video-preview":"max-video-preview:-1"},"canonical":"https:\/\/bioswing.de\/fr\/sitzsysteme\/solutions-ergonomiques\/ergonomische-buereostuehle-meeting-konferenz\/","og_locale":"fr_FR","og_type":"article","og_title":"Design-Konferenzst\u00fchle, die die Kreativit\u00e4t befl\u00fcgeln","og_description":"Konferenzst\u00fchle f\u00fcr mehr Leistung und Kreativit\u00e4t. Nat\u00fcrlich in gewohnter Bioswing-Qualit\u00e4t f\u00fcr h\u00f6chste Ergonomie Anspr\u00fcche und hochwertigem Design.","og_url":"https:\/\/bioswing.de\/fr\/sitzsysteme\/solutions-ergonomiques\/ergonomische-buereostuehle-meeting-konferenz\/","og_site_name":"Haider Bioswing FR","article_modified_time":"2019-05-14T12:08:03+00:00","twitter_card":"summary_large_image","schema":{"@context":"https:\/\/schema.org","@graph":[{"@type":"WebPage","@id":"https:\/\/bioswing.de\/fr\/sitzsysteme\/solutions-ergonomiques\/ergonomische-buereostuehle-meeting-konferenz\/","url":"https:\/\/bioswing.de\/fr\/sitzsysteme\/solutions-ergonomiques\/ergonomische-buereostuehle-meeting-konferenz\/","name":"Design-Konferenzst\u00fchle, die die Kreativit\u00e4t befl\u00fcgeln","isPartOf":{"@id":"https:\/\/bioswing.de\/fr\/#website"},"datePublished":"2018-09-11T14:38:56+00:00","dateModified":"2019-05-14T12:08:03+00:00","description":"Konferenzst\u00fchle f\u00fcr mehr Leistung und Kreativit\u00e4t. Nat\u00fcrlich in gewohnter Bioswing-Qualit\u00e4t f\u00fcr h\u00f6chste Ergonomie Anspr\u00fcche und hochwertigem Design.","breadcrumb":{"@id":"https:\/\/bioswing.de\/fr\/sitzsysteme\/solutions-ergonomiques\/ergonomische-buereostuehle-meeting-konferenz\/#breadcrumb"},"inLanguage":"fr-FR","potentialAction":[{"@type":"ReadAction","target":["https:\/\/bioswing.de\/fr\/sitzsysteme\/solutions-ergonomiques\/ergonomische-buereostuehle-meeting-konferenz\/"]}]},{"@type":"BreadcrumbList","@id":"https:\/\/bioswing.de\/fr\/sitzsysteme\/solutions-ergonomiques\/ergonomische-buereostuehle-meeting-konferenz\/#breadcrumb","itemListElement":[{"@type":"ListItem","position":1,"name":"Startseite","item":"https:\/\/bioswing.de\/fr\/"},{"@type":"ListItem","position":2,"name":"Syst\u00e8mes d&rsquo;assise","item":"https:\/\/bioswing.de\/fr\/"},{"@type":"ListItem","position":3,"name":"Solutions Ergonomiques","item":"https:\/\/bioswing.de\/fr\/sitzsysteme\/solutions-ergonomiques\/"},{"@type":"ListItem","position":4,"name":"Mobilier d&rsquo;assise pour les r\u00e9unions"}]},{"@type":"WebSite","@id":"https:\/\/bioswing.de\/fr\/#website","url":"https:\/\/bioswing.de\/fr\/","name":"Haider Bioswing FR","description":"Ergonomische B\u00fcrost\u00fchle, Therapiesystem Posturomed und mehr","potentialAction":[{"@type":"SearchAction","target":{"@type":"EntryPoint","urlTemplate":"https:\/\/bioswing.de\/fr\/?s={search_term_string}"},"query-input":"required name=search_term_string"}],"inLanguage":"fr-FR"}]}},"_links":{"self":[{"href":"https:\/\/bioswing.de\/fr\/wp-json\/wp\/v2\/pages\/2823"}],"collection":[{"href":"https:\/\/bioswing.de\/fr\/wp-json\/wp\/v2\/pages"}],"about":[{"href":"https:\/\/bioswing.de\/fr\/wp-json\/wp\/v2\/types\/page"}],"author":[{"embeddable":true,"href":"https:\/\/bioswing.de\/fr\/wp-json\/wp\/v2\/users\/2"}],"replies":[{"embeddable":true,"href":"https:\/\/bioswing.de\/fr\/wp-json\/wp\/v2\/comments?post=2823"}],"version-history":[{"count":10,"href":"https:\/\/bioswing.de\/fr\/wp-json\/wp\/v2\/pages\/2823\/revisions"}],"predecessor-version":[{"id":6810,"href":"https:\/\/bioswing.de\/fr\/wp-json\/wp\/v2\/pages\/2823\/revisions\/6810"}],"up":[{"embeddable":true,"href":"https:\/\/bioswing.de\/fr\/wp-json\/wp\/v2\/pages\/107"}],"wp:attachment":[{"href":"https:\/\/bioswing.de\/fr\/wp-json\/wp\/v2\/media?parent=2823"}],"curies":[{"name":"wp","href":"https:\/\/api.w.org\/{rel}","templated":true}]}}