{"id":43,"date":"2017-12-20T09:19:39","date_gmt":"2017-12-20T08:19:41","guid":{"rendered":"http:\/\/webby\/bioswing18\/?page_id=43"},"modified":"2019-05-14T14:06:17","modified_gmt":"2019-05-14T12:06:17","slug":"sitzsysteme","status":"publish","type":"page","link":"https:\/\/bioswing.de\/fr\/","title":{"rendered":"Syst\u00e8mes d&rsquo;assise"},"content":{"rendered":"","protected":false},"excerpt":{"rendered":"","protected":false},"author":2,"featured_media":0,"parent":0,"menu_order":0,"comment_status":"closed","ping_status":"closed","template":"template-startseite.php","meta":[],"acf":[],"yoast_head":"<!-- This site is optimized with the Yoast SEO plugin v21.8.1 - https:\/\/yoast.com\/wordpress\/plugins\/seo\/ -->\n<title>BIOSWING : Si\u00e8ges de bureau ergonomiques avec technologie 3D brevet\u00e9e<\/title>\n<meta name=\"description\" content=\"La technologie BIOSWING fait toute la diff\u00e9rence en mati\u00e8re d&#039;ergonomie : au bureau ou \u00e0 domicile, comme solution assis-debout ou comme si\u00e8ge de direction.\" \/>\n<meta name=\"robots\" content=\"index, follow, max-snippet:-1, max-image-preview:large, max-video-preview:-1\" \/>\n<link rel=\"canonical\" href=\"https:\/\/bioswing.de\/fr\/\" \/>\n<meta property=\"og:locale\" content=\"fr_FR\" \/>\n<meta property=\"og:type\" content=\"article\" \/>\n<meta property=\"og:title\" content=\"BIOSWING : Si\u00e8ges de bureau ergonomiques avec technologie 3D brevet\u00e9e\" \/>\n<meta property=\"og:description\" content=\"La technologie BIOSWING fait toute la diff\u00e9rence en mati\u00e8re d&#039;ergonomie : au bureau ou \u00e0 domicile, comme solution assis-debout ou comme si\u00e8ge de direction.\" \/>\n<meta property=\"og:url\" content=\"https:\/\/bioswing.de\/fr\/\" \/>\n<meta property=\"og:site_name\" content=\"Haider Bioswing FR\" \/>\n<meta property=\"article:modified_time\" content=\"2019-05-14T12:06:17+00:00\" \/>\n<meta name=\"twitter:card\" content=\"summary_large_image\" \/>\n<script type=\"application\/ld+json\" class=\"yoast-schema-graph\">{\"@context\":\"https:\/\/schema.org\",\"@graph\":[{\"@type\":\"WebPage\",\"@id\":\"https:\/\/bioswing.de\/fr\/\",\"url\":\"https:\/\/bioswing.de\/fr\/\",\"name\":\"BIOSWING : Si\u00e8ges de bureau ergonomiques avec technologie 3D brevet\u00e9e\",\"isPartOf\":{\"@id\":\"https:\/\/bioswing.de\/fr\/#website\"},\"datePublished\":\"2017-12-20T08:19:41+00:00\",\"dateModified\":\"2019-05-14T12:06:17+00:00\",\"description\":\"La technologie BIOSWING fait toute la diff\u00e9rence en mati\u00e8re d'ergonomie : au bureau ou \u00e0 domicile, comme solution assis-debout ou comme si\u00e8ge de direction.\",\"breadcrumb\":{\"@id\":\"https:\/\/bioswing.de\/fr\/#breadcrumb\"},\"inLanguage\":\"fr-FR\",\"potentialAction\":[{\"@type\":\"ReadAction\",\"target\":[\"https:\/\/bioswing.de\/fr\/\"]}]},{\"@type\":\"BreadcrumbList\",\"@id\":\"https:\/\/bioswing.de\/fr\/#breadcrumb\",\"itemListElement\":[{\"@type\":\"ListItem\",\"position\":1,\"name\":\"Startseite\",\"item\":\"https:\/\/bioswing.de\/fr\/\"},{\"@type\":\"ListItem\",\"position\":2,\"name\":\"Syst\u00e8mes d&rsquo;assise\"}]},{\"@type\":\"WebSite\",\"@id\":\"https:\/\/bioswing.de\/fr\/#website\",\"url\":\"https:\/\/bioswing.de\/fr\/\",\"name\":\"Haider Bioswing FR\",\"description\":\"Ergonomische B\u00fcrost\u00fchle, Therapiesystem Posturomed und mehr\",\"potentialAction\":[{\"@type\":\"SearchAction\",\"target\":{\"@type\":\"EntryPoint\",\"urlTemplate\":\"https:\/\/bioswing.de\/fr\/?s={search_term_string}\"},\"query-input\":\"required name=search_term_string\"}],\"inLanguage\":\"fr-FR\"}]}<\/script>\n<!-- \/ Yoast SEO plugin. -->","yoast_head_json":{"title":"BIOSWING : Si\u00e8ges de bureau ergonomiques avec technologie 3D brevet\u00e9e","description":"La technologie BIOSWING fait toute la diff\u00e9rence en mati\u00e8re d'ergonomie : au bureau ou \u00e0 domicile, comme solution assis-debout ou comme si\u00e8ge de direction.","robots":{"index":"index","follow":"follow","max-snippet":"max-snippet:-1","max-image-preview":"max-image-preview:large","max-video-preview":"max-video-preview:-1"},"canonical":"https:\/\/bioswing.de\/fr\/","og_locale":"fr_FR","og_type":"article","og_title":"BIOSWING : Si\u00e8ges de bureau ergonomiques avec technologie 3D brevet\u00e9e","og_description":"La technologie BIOSWING fait toute la diff\u00e9rence en mati\u00e8re d'ergonomie : au bureau ou \u00e0 domicile, comme solution assis-debout ou comme si\u00e8ge de direction.","og_url":"https:\/\/bioswing.de\/fr\/","og_site_name":"Haider Bioswing FR","article_modified_time":"2019-05-14T12:06:17+00:00","twitter_card":"summary_large_image","schema":{"@context":"https:\/\/schema.org","@graph":[{"@type":"WebPage","@id":"https:\/\/bioswing.de\/fr\/","url":"https:\/\/bioswing.de\/fr\/","name":"BIOSWING : Si\u00e8ges de bureau ergonomiques avec technologie 3D brevet\u00e9e","isPartOf":{"@id":"https:\/\/bioswing.de\/fr\/#website"},"datePublished":"2017-12-20T08:19:41+00:00","dateModified":"2019-05-14T12:06:17+00:00","description":"La technologie BIOSWING fait toute la diff\u00e9rence en mati\u00e8re d'ergonomie : au bureau ou \u00e0 domicile, comme solution assis-debout ou comme si\u00e8ge de direction.","breadcrumb":{"@id":"https:\/\/bioswing.de\/fr\/#breadcrumb"},"inLanguage":"fr-FR","potentialAction":[{"@type":"ReadAction","target":["https:\/\/bioswing.de\/fr\/"]}]},{"@type":"BreadcrumbList","@id":"https:\/\/bioswing.de\/fr\/#breadcrumb","itemListElement":[{"@type":"ListItem","position":1,"name":"Startseite","item":"https:\/\/bioswing.de\/fr\/"},{"@type":"ListItem","position":2,"name":"Syst\u00e8mes d&rsquo;assise"}]},{"@type":"WebSite","@id":"https:\/\/bioswing.de\/fr\/#website","url":"https:\/\/bioswing.de\/fr\/","name":"Haider Bioswing FR","description":"Ergonomische B\u00fcrost\u00fchle, Therapiesystem Posturomed und mehr","potentialAction":[{"@type":"SearchAction","target":{"@type":"EntryPoint","urlTemplate":"https:\/\/bioswing.de\/fr\/?s={search_term_string}"},"query-input":"required name=search_term_string"}],"inLanguage":"fr-FR"}]}},"_links":{"self":[{"href":"https:\/\/bioswing.de\/fr\/wp-json\/wp\/v2\/pages\/43"}],"collection":[{"href":"https:\/\/bioswing.de\/fr\/wp-json\/wp\/v2\/pages"}],"about":[{"href":"https:\/\/bioswing.de\/fr\/wp-json\/wp\/v2\/types\/page"}],"author":[{"embeddable":true,"href":"https:\/\/bioswing.de\/fr\/wp-json\/wp\/v2\/users\/2"}],"replies":[{"embeddable":true,"href":"https:\/\/bioswing.de\/fr\/wp-json\/wp\/v2\/comments?post=43"}],"version-history":[{"count":10,"href":"https:\/\/bioswing.de\/fr\/wp-json\/wp\/v2\/pages\/43\/revisions"}],"predecessor-version":[{"id":6805,"href":"https:\/\/bioswing.de\/fr\/wp-json\/wp\/v2\/pages\/43\/revisions\/6805"}],"wp:attachment":[{"href":"https:\/\/bioswing.de\/fr\/wp-json\/wp\/v2\/media?parent=43"}],"curies":[{"name":"wp","href":"https:\/\/api.w.org\/{rel}","templated":true}]}}