{"id":4330,"date":"2018-10-12T11:32:36","date_gmt":"2018-10-12T09:32:36","guid":{"rendered":"http:\/\/haider-bioswing.de\/?page_id=4330"},"modified":"2019-12-06T11:23:05","modified_gmt":"2019-12-06T10:23:05","slug":"warum-bioswing","status":"publish","type":"page","link":"https:\/\/bioswing.de\/fr\/trainingssysteme\/warum-bioswing\/","title":{"rendered":"Pourquoi BIOSWING"},"content":{"rendered":"","protected":false},"excerpt":{"rendered":"","protected":false},"author":2,"featured_media":0,"parent":1509,"menu_order":0,"comment_status":"closed","ping_status":"closed","template":"template-training-faszination.php","meta":[],"acf":[],"yoast_head":"<!-- This site is optimized with the Yoast SEO plugin v21.8.1 - https:\/\/yoast.com\/wordpress\/plugins\/seo\/ -->\n<title>Pourquoi BIOSWING - Haider Bioswing FR<\/title>\n<meta name=\"description\" content=\"Wie nat\u00fcrliche Rhythmen und die Energie des Lebens selbst als Inspiration f\u00fcr eine einzigartige Technologie dienten: BIOSWING B\u00fcrost\u00fchle\" \/>\n<meta name=\"robots\" content=\"index, follow, max-snippet:-1, max-image-preview:large, max-video-preview:-1\" \/>\n<link rel=\"canonical\" href=\"https:\/\/bioswing.de\/fr\/trainingssysteme\/warum-bioswing\/\" \/>\n<meta property=\"og:locale\" content=\"fr_FR\" \/>\n<meta property=\"og:type\" content=\"article\" \/>\n<meta property=\"og:title\" content=\"Pourquoi BIOSWING - Haider Bioswing FR\" \/>\n<meta property=\"og:description\" content=\"Wie nat\u00fcrliche Rhythmen und die Energie des Lebens selbst als Inspiration f\u00fcr eine einzigartige Technologie dienten: BIOSWING B\u00fcrost\u00fchle\" \/>\n<meta property=\"og:url\" content=\"https:\/\/bioswing.de\/fr\/trainingssysteme\/warum-bioswing\/\" \/>\n<meta property=\"og:site_name\" content=\"Haider Bioswing FR\" \/>\n<meta property=\"article:modified_time\" content=\"2019-12-06T10:23:05+00:00\" \/>\n<meta name=\"twitter:card\" content=\"summary_large_image\" \/>\n<script type=\"application\/ld+json\" class=\"yoast-schema-graph\">{\"@context\":\"https:\/\/schema.org\",\"@graph\":[{\"@type\":\"WebPage\",\"@id\":\"https:\/\/bioswing.de\/fr\/trainingssysteme\/warum-bioswing\/\",\"url\":\"https:\/\/bioswing.de\/fr\/trainingssysteme\/warum-bioswing\/\",\"name\":\"Pourquoi BIOSWING - Haider Bioswing FR\",\"isPartOf\":{\"@id\":\"https:\/\/bioswing.de\/fr\/#website\"},\"datePublished\":\"2018-10-12T09:32:36+00:00\",\"dateModified\":\"2019-12-06T10:23:05+00:00\",\"description\":\"Wie nat\u00fcrliche Rhythmen und die Energie des Lebens selbst als Inspiration f\u00fcr eine einzigartige Technologie dienten: BIOSWING B\u00fcrost\u00fchle\",\"breadcrumb\":{\"@id\":\"https:\/\/bioswing.de\/fr\/trainingssysteme\/warum-bioswing\/#breadcrumb\"},\"inLanguage\":\"fr-FR\",\"potentialAction\":[{\"@type\":\"ReadAction\",\"target\":[\"https:\/\/bioswing.de\/fr\/trainingssysteme\/warum-bioswing\/\"]}]},{\"@type\":\"BreadcrumbList\",\"@id\":\"https:\/\/bioswing.de\/fr\/trainingssysteme\/warum-bioswing\/#breadcrumb\",\"itemListElement\":[{\"@type\":\"ListItem\",\"position\":1,\"name\":\"Startseite\",\"item\":\"https:\/\/bioswing.de\/fr\/\"},{\"@type\":\"ListItem\",\"position\":2,\"name\":\"Syst\u00e8mes d\u2019entra\u00eenement\",\"item\":\"https:\/\/bioswing.de\/fr\/trainingssysteme\/\"},{\"@type\":\"ListItem\",\"position\":3,\"name\":\"Pourquoi BIOSWING\"}]},{\"@type\":\"WebSite\",\"@id\":\"https:\/\/bioswing.de\/fr\/#website\",\"url\":\"https:\/\/bioswing.de\/fr\/\",\"name\":\"Haider Bioswing FR\",\"description\":\"Ergonomische B\u00fcrost\u00fchle, Therapiesystem Posturomed und mehr\",\"potentialAction\":[{\"@type\":\"SearchAction\",\"target\":{\"@type\":\"EntryPoint\",\"urlTemplate\":\"https:\/\/bioswing.de\/fr\/?s={search_term_string}\"},\"query-input\":\"required name=search_term_string\"}],\"inLanguage\":\"fr-FR\"}]}<\/script>\n<!-- \/ Yoast SEO plugin. -->","yoast_head_json":{"title":"Pourquoi BIOSWING - Haider Bioswing FR","description":"Wie nat\u00fcrliche Rhythmen und die Energie des Lebens selbst als Inspiration f\u00fcr eine einzigartige Technologie dienten: BIOSWING B\u00fcrost\u00fchle","robots":{"index":"index","follow":"follow","max-snippet":"max-snippet:-1","max-image-preview":"max-image-preview:large","max-video-preview":"max-video-preview:-1"},"canonical":"https:\/\/bioswing.de\/fr\/trainingssysteme\/warum-bioswing\/","og_locale":"fr_FR","og_type":"article","og_title":"Pourquoi BIOSWING - Haider Bioswing FR","og_description":"Wie nat\u00fcrliche Rhythmen und die Energie des Lebens selbst als Inspiration f\u00fcr eine einzigartige Technologie dienten: BIOSWING B\u00fcrost\u00fchle","og_url":"https:\/\/bioswing.de\/fr\/trainingssysteme\/warum-bioswing\/","og_site_name":"Haider Bioswing FR","article_modified_time":"2019-12-06T10:23:05+00:00","twitter_card":"summary_large_image","schema":{"@context":"https:\/\/schema.org","@graph":[{"@type":"WebPage","@id":"https:\/\/bioswing.de\/fr\/trainingssysteme\/warum-bioswing\/","url":"https:\/\/bioswing.de\/fr\/trainingssysteme\/warum-bioswing\/","name":"Pourquoi BIOSWING - Haider Bioswing FR","isPartOf":{"@id":"https:\/\/bioswing.de\/fr\/#website"},"datePublished":"2018-10-12T09:32:36+00:00","dateModified":"2019-12-06T10:23:05+00:00","description":"Wie nat\u00fcrliche Rhythmen und die Energie des Lebens selbst als Inspiration f\u00fcr eine einzigartige Technologie dienten: BIOSWING B\u00fcrost\u00fchle","breadcrumb":{"@id":"https:\/\/bioswing.de\/fr\/trainingssysteme\/warum-bioswing\/#breadcrumb"},"inLanguage":"fr-FR","potentialAction":[{"@type":"ReadAction","target":["https:\/\/bioswing.de\/fr\/trainingssysteme\/warum-bioswing\/"]}]},{"@type":"BreadcrumbList","@id":"https:\/\/bioswing.de\/fr\/trainingssysteme\/warum-bioswing\/#breadcrumb","itemListElement":[{"@type":"ListItem","position":1,"name":"Startseite","item":"https:\/\/bioswing.de\/fr\/"},{"@type":"ListItem","position":2,"name":"Syst\u00e8mes d\u2019entra\u00eenement","item":"https:\/\/bioswing.de\/fr\/trainingssysteme\/"},{"@type":"ListItem","position":3,"name":"Pourquoi BIOSWING"}]},{"@type":"WebSite","@id":"https:\/\/bioswing.de\/fr\/#website","url":"https:\/\/bioswing.de\/fr\/","name":"Haider Bioswing FR","description":"Ergonomische B\u00fcrost\u00fchle, Therapiesystem Posturomed und mehr","potentialAction":[{"@type":"SearchAction","target":{"@type":"EntryPoint","urlTemplate":"https:\/\/bioswing.de\/fr\/?s={search_term_string}"},"query-input":"required name=search_term_string"}],"inLanguage":"fr-FR"}]}},"_links":{"self":[{"href":"https:\/\/bioswing.de\/fr\/wp-json\/wp\/v2\/pages\/4330"}],"collection":[{"href":"https:\/\/bioswing.de\/fr\/wp-json\/wp\/v2\/pages"}],"about":[{"href":"https:\/\/bioswing.de\/fr\/wp-json\/wp\/v2\/types\/page"}],"author":[{"embeddable":true,"href":"https:\/\/bioswing.de\/fr\/wp-json\/wp\/v2\/users\/2"}],"replies":[{"embeddable":true,"href":"https:\/\/bioswing.de\/fr\/wp-json\/wp\/v2\/comments?post=4330"}],"version-history":[{"count":5,"href":"https:\/\/bioswing.de\/fr\/wp-json\/wp\/v2\/pages\/4330\/revisions"}],"predecessor-version":[{"id":6854,"href":"https:\/\/bioswing.de\/fr\/wp-json\/wp\/v2\/pages\/4330\/revisions\/6854"}],"up":[{"embeddable":true,"href":"https:\/\/bioswing.de\/fr\/wp-json\/wp\/v2\/pages\/1509"}],"wp:attachment":[{"href":"https:\/\/bioswing.de\/fr\/wp-json\/wp\/v2\/media?parent=4330"}],"curies":[{"name":"wp","href":"https:\/\/api.w.org\/{rel}","templated":true}]}}